{"id":12,"date":"2019-05-10T10:18:21","date_gmt":"2019-05-10T08:18:21","guid":{"rendered":"http:\/\/bippodgik.powiatlubaczowski.pl\/?page_id=12"},"modified":"2019-05-10T10:20:18","modified_gmt":"2019-05-10T08:20:18","slug":"menu-przedmiotowe","status":"publish","type":"page","link":"http:\/\/bippodgik.powiatlubaczowski.pl\/","title":{"rendered":"MENU PRZEDMIOTOWE"},"content":{"rendered":"<p><a href=\"http:\/\/bippodgik.powiatlubaczowski.pl\/\">I. MENU PRZEDMIOTOWE<\/a><\/p>\n<p>II. INFORMACJE OG\u00d3LNE<\/p>\n<ol>\n<li><a href=\"http:\/\/bippodgik.powiatlubaczowski.pl\/?page_id=14\">Dane teleadresowe<\/a><\/li>\n<li><a href=\"http:\/\/bippodgik.powiatlubaczowski.pl\/?s=\">Modu\u0142 wyszukuj\u0105cy<\/a><\/li>\n<li><a href=\"http:\/\/bippodgik.powiatlubaczowski.pl\/?page_id=16\">Redakcja (adres, sk\u0142ad osobowy, nr telefonu, faxu,adres poczty elektronicznej)<\/a><\/li>\n<\/ol>\n<p><a href=\"http:\/\/bippodgik.powiatlubaczowski.pl\/?page_id=18\">III. Ochrona Danych Osobowych<\/a><\/p>\n<p><a href=\"http:\/\/bippodgik.powiatlubaczowski.pl\/?page_id=20\">IV. Bud\u017cet<\/a><\/p>\n","protected":false},"excerpt":{"rendered":"<p>I. MENU PRZEDMIOTOWE II. INFORMACJE OG\u00d3LNE Dane teleadresowe Modu\u0142 wyszukuj\u0105cy Redakcja (adres, sk\u0142ad osobowy, nr telefonu, faxu,adres poczty elektronicznej) III. Ochrona Danych Osobowych IV. Bud\u017cet<\/p>\n","protected":false},"author":1,"featured_media":0,"parent":0,"menu_order":1,"comment_status":"closed","ping_status":"closed","template":"","meta":{"footnotes":""},"_links":{"self":[{"href":"http:\/\/bippodgik.powiatlubaczowski.pl\/index.php?rest_route=\/wp\/v2\/pages\/12"}],"collection":[{"href":"http:\/\/bippodgik.powiatlubaczowski.pl\/index.php?rest_route=\/wp\/v2\/pages"}],"about":[{"href":"http:\/\/bippodgik.powiatlubaczowski.pl\/index.php?rest_route=\/wp\/v2\/types\/page"}],"author":[{"embeddable":true,"href":"http:\/\/bippodgik.powiatlubaczowski.pl\/index.php?rest_route=\/wp\/v2\/users\/1"}],"replies":[{"embeddable":true,"href":"http:\/\/bippodgik.powiatlubaczowski.pl\/index.php?rest_route=%2Fwp%2Fv2%2Fcomments&post=12"}],"version-history":[{"count":2,"href":"http:\/\/bippodgik.powiatlubaczowski.pl\/index.php?rest_route=\/wp\/v2\/pages\/12\/revisions"}],"predecessor-version":[{"id":22,"href":"http:\/\/bippodgik.powiatlubaczowski.pl\/index.php?rest_route=\/wp\/v2\/pages\/12\/revisions\/22"}],"wp:attachment":[{"href":"http:\/\/bippodgik.powiatlubaczowski.pl\/index.php?rest_route=%2Fwp%2Fv2%2Fmedia&parent=12"}],"curies":[{"name":"wp","href":"https:\/\/api.w.org\/{rel}","templated":true}]}}