{"id":14,"date":"2019-05-10T10:18:38","date_gmt":"2019-05-10T08:18:38","guid":{"rendered":"http:\/\/bippodgik.powiatlubaczowski.pl\/?page_id=14"},"modified":"2022-04-19T12:01:10","modified_gmt":"2022-04-19T10:01:10","slug":"dane-teleadresowe","status":"publish","type":"page","link":"http:\/\/bippodgik.powiatlubaczowski.pl\/?page_id=14","title":{"rendered":"Dane teleadresowe"},"content":{"rendered":"<p>Data wprowadzenia: 31.12.2018r.<\/p>\n<p>Data Modyfikacji: 30.12.2019r.<\/p>\n<p>Ostatnia modyfikacja: Admin<!--more--><\/p>\n<p>&nbsp;<\/p>\n<p><strong>Powiatowy O\u015brodek Dokumentacji Geodezyjnej i Kartograficznej w Lubaczowie<br \/>\nul. Jasna 1<br \/>\n37-600 Lubacz\u00f3w<\/strong><\/p>\n<p>tel. (016) 632 87 47 &#8211; Dyrektor<br \/>\n(016) 632 87 48 &#8211; PODGiK<br \/>\n(016) 632 87 49 &#8211; PODGiK<br \/>\n(016) 632 87 45 &#8211; Ewidencja Grunt\u00f3w i Budynk\u00f3w<br \/>\n(016) 632 87 43 &#8211; Ewidencja Grunt\u00f3w i Budynk\u00f3w<br \/>\n(016) 632 87 44 &#8211; Ksi\u0119gowo\u015b\u0107<\/p>\n<p>e-mail: podgik@lubaczow.powiat.pl \u2013 Dyrektor<\/p>\n<p><strong>PODGiK:<\/strong><br \/>\nm.hojdak@lubaczow.powiat.pl \u2013 Ma\u0142gorzata Hojdak<br \/>\ng.bak@lubaczow.powiat.pl \u2013 Grzegorz B\u0105k<br \/>\nm.szczybylo@lubaczow.powiat.pl \u2013 Micha\u0142 Szczyby\u0142o<\/p>\n<p><strong>Ewidencja Grunt\u00f3w i Budynk\u00f3w:<\/strong><br \/>\ne.zadworna@lubaczow.powiat.pl \u2013 Ewelina Zadworna<br \/>\nk.kruk@lubaczow.powiat.pl \u2013 Krzysztof Kruk<br \/>\nm.zuk@lubaczow.powiat.pl &#8211; Ma\u0142gorzata \u017buk<br \/>\nm.witko@lubaczow.powiat.pl \u2013 Magdalena Witko<\/p>\n<p><a href=\"https:\/\/lubaczow.geoportal2.pl\/\">GEOPORTAL POWIATU LUBACZOWSKIEGO &#8211; Kliknij tutaj<\/a><\/p>\n<p>Powiatowy O\u015brodek Dokumentacji Geodezyjnej i Kartograficznej w Lubaczowie zwany dalej ,,O\u015brodkiem\u201d jest jednostk\u0105 organizacyjn\u0105 samorz\u0105du terytorialnego. Terenem dzia\u0142ania O\u015brodka jest Powiat Lubaczowski. O\u015brodek jest jednostk\u0105 bud\u017cetow\u0105.<\/p>\n<p>O\u015brodek realizuje zadania w zakresie :<\/p>\n<ol>\n<li>obs\u0142ugi pa\u0144stwowego zasobu geodezyjnego i kartograficznego\n<ul>\n<li>udzielanie informacji o posiadanym zasobie , sposobach jego wykorzystania i udost\u0119pniania<\/li>\n<li>przyjmowanie i ewidencjonowanie zg\u0142osze\u0144 prac geodezyjnych i kartograficznych<\/li>\n<li>udost\u0119pnianie danych z zasobu<\/li>\n<li>weryfikacja danych, ewidencjonowanie, przetwarzanie i przechowywanie dokument\u00f3w przyj\u0119tych do zasobu<\/li>\n<li>gromadzenie i udost\u0119pnianie wyci\u0105g\u00f3w z operat\u00f3w szacunkowych<\/li>\n<li>prowadzenie powiatowych baz danych wchodz\u0105cych w sk\u0142ad krajowego systemu informacji o terenie<\/li>\n<li>wy\u0142\u0105czanie dokument\u00f3w z zasobu modernizacja i aktualizacja bie\u017c\u0105cego zasobu tworzenie i aktualizacja zasobu zabezpieczaj\u0105cego<\/li>\n<\/ul>\n<\/li>\n<li>ewidencji grunt\u00f3w i budynk\u00f3w\n<ul>\n<li>wprowadzanie zmian danych obj\u0119tych ewidencj\u0105 grunt\u00f3w i budynk\u00f3w na podstawie odpowiednich dokument\u00f3w np. prawomocnych decyzji administracyjnych , odpis\u00f3w akt\u00f3w notarialnych<\/li>\n<li>wydawanie odp\u0142atnie na \u017c\u0105danie w\u0142a\u015bcicieli wypis\u00f3w i wyrys\u00f3w z operatu ewidencyjnego<\/li>\n<li>prowadzenie rejestru cen i warto\u015bci nieruchomo\u015bci<\/li>\n<li>sporz\u0105dzania gminnych i powiatowych zestawie\u0144 zbiorczych danych obj\u0119tych ewidencj\u0105 grunt\u00f3w i budynk\u00f3w<\/li>\n<\/ul>\n<\/li>\n<\/ol>\n<p>Dyrektorem PODGiK jest mgr in\u017c. Stanis\u0142awa \u015awierk<\/p>\n<p><strong>Maj\u0105tek jednostki stanowi\u0105:<\/strong><\/p>\n<ul>\n<li>\u015brodki trwa\u0142e<\/li>\n<li>warto\u015bci niematerialne i prawne<\/li>\n<li>zas\u00f3b geodezyjny i kartograficzny<\/li>\n<\/ul>\n<div><strong>Obs\u0142uga stron<\/strong><br \/>\nStrony przyjmowane s\u0105 od poniedzia\u0142ku do pi\u0105tku w godzinach od 8<sup>00<\/sup>&#8211; 14<sup>00<\/sup><\/div>\n<div>Wydawanie za\u015bwiadcze\u0144, sporz\u0105dzanie wypis\u00f3w i wyrys\u00f3w z ewidencji grunt\u00f3w i budynk\u00f3w, sprzeda\u017c kopii map ewidencyjnych, zasadniczych odbywa si\u0119 niezw\u0142ocznie po z\u0142o\u017ceniu stosownego wniosku.<\/div>\n<div>\n<p><strong>Op\u0142at\u0119 pobiera si\u0119 przed udost\u0119pnieniem materia\u0142\u00f3w.<\/strong><\/p>\n<p><strong>INFORMACJA STAROSTY LUBACZOWSKIEGO<\/strong><\/p>\n<\/div>\n<p>Na terenie ca\u0142ego Powiatu Lubaczowskiego funkcjonuje baza danych geodezyjnej sieci uzbrojenia terenu (GESUT) oraz baza danych obiekt\u00f3w topograficznych (BDOT500).<\/p>\n<p>BDOT500 i GESUT obowi\u0105zuj\u0105 od dnia 20.08.2015r. dla:<br \/>\n&#8211; Miasta Lubacz\u00f3w,<br \/>\n&#8211; Miasta Cieszan\u00f3w,<br \/>\n&#8211; Miasta Narol,<br \/>\n&#8211; Miasta Oleszyce,<br \/>\n&#8211; Gminy Lubacz\u00f3w,<br \/>\n&#8211; Gminy Cieszan\u00f3w,<br \/>\n&#8211; Gminy Oleszyce.<\/p>\n<p>BDOT500 i GESUT obowi\u0105zuj\u0105 od dnia 25.11.2015r. dla:<br \/>\n&#8211; Gminy Wielkie Oczy,<br \/>\n&#8211; Gminy Horyniec-Zdr\u00f3j,<br \/>\n&#8211; Gminy Narol,<br \/>\n&#8211; Gminy Stary Dzik\u00f3w.<\/p>\n<table border=\"2\" width=\"877\" align=\"center\">\n<tbody>\n<tr>\n<td><strong>ZA\u0141\u0104CZNIKI DO POBRANIA<\/strong><\/td>\n<\/tr>\n<tr>\n<td><a href=\"https:\/\/bip.powiatlubaczowski.pl\/plik,805,wniosek-o-udostepnienie-pdf.pdf\">Wniosek o udost\u0119pnienie materia\u0142\u00f3w powiatowego zasobu geodezyjnego i kartograficznego<\/a><\/td>\n<\/tr>\n<tr>\n<td><a href=\"https:\/\/bip.powiatlubaczowski.pl\/plik,806,wniosek-o-wydanie-wypisu-pdf.pdf\">Wniosek o wydanie wypisu, wypisu i wyrysu z ewidencji grunt\u00f3w i budynk\u00f3w<\/a><\/td>\n<\/tr>\n<tr>\n<td><a href=\"https:\/\/bip.powiatlubaczowski.pl\/plik,807,zgloszenie-prac-geodezyjnych-pdf.pdf\">Zg\u0142oszenie prac geodezyjnych<\/a><\/td>\n<\/tr>\n<tr>\n<td><a href=\"https:\/\/bip.powiatlubaczowski.pl\/plik,808,zawiadomienie-o-wykonaniu-zgloszonych-prac-geodezyjnych-kartograficznych-pdf.pdf\">Zawiadomienie o wykonaniu zg\u0142oszonych prac geodezyjnych<\/a><\/td>\n<\/tr>\n<tr>\n<td><a href=\"https:\/\/bip.powiatlubaczowski.pl\/plik,809,wzor-protokolu-weryfikacji-zbiorow-danych-pdf.pdf\">Protok\u00f3\u0142 weryfikacji zbior\u00f3w danych oraz innych materia\u0142\u00f3w przekazywanych do pa\u0144stwowego zasobu geodezyjnego i kartograficznego<\/a><\/td>\n<\/tr>\n<tr>\n<td><a href=\"https:\/\/bip.powiatlubaczowski.pl\/plik,811,dokument-obliczenia-oplaty-pdf.pdf\">Licencja okre\u015blaj\u0105ca zakres uprawnie\u0144 licencjobiorcy, innego ni\u017c wykonawca prac geodezyjnych lub prac kartograficznych podlegaj\u0105cych obowi\u0105zkowi zg\u0142aszania, do wykorzystywania udost\u0119pnionych materia\u0142\u00f3w zasobu<\/a><\/td>\n<\/tr>\n<tr>\n<td><a href=\"https:\/\/bip.powiatlubaczowski.pl\/plik,811,dokument-obliczenia-oplaty-pdf.pdf\">Wz\u00f3r dokumentu obliczenia op\u0142aty<\/a><\/td>\n<\/tr>\n<tr>\n<td><a href=\"https:\/\/bip.powiatlubaczowski.pl\/plik,812,1809-wykaz-miejscowosci-pdf.pdf\">Wykaz miejscowo\u015bci wraz z informacj\u0105 o udost\u0119pnianych materia\u0142ach zasobu geodezyjnego<\/a><\/td>\n<\/tr>\n<tr>\n<td><a href=\"https:\/\/bip.powiatlubaczowski.pl\/plik,813,informacje-dotyczace-rodo-i-klauzula-pdf.pdf\"><strong>Informacje dotycz\u0105ce RODO i klauzula<\/strong><\/a><\/td>\n<\/tr>\n<\/tbody>\n<\/table>\n<p>&nbsp;<\/p>\n<div>\n<p>Dokumenty wymagaj\u0105ce analizy i dodatkowych wyja\u015bnie\u0144 sporz\u0105dzane s\u0105 z zachowaniem termin\u00f3w Kodeksu Post\u0119powania Administracyjnego. Jednostkom wykonawstwa geodezyjnego materia\u0142y udost\u0119pniane s\u0105 na podstawie zg\u0142oszenia prac geodezyjnych.<\/p>\n<p><strong>Op\u0142aty za udost\u0119pnianie materia\u0142\u00f3w pobierane s\u0105 przed udostepenieniem materia\u0142\u00f3w zasobu<\/strong> i naliczane zgodnie z ustaw\u0105 z dnia 5 czerwca 2014r. o zmianie ustawy &#8211; Prawo geodezyjne i kartograficzne oraz ustawy o post\u0119powaniu egzekucyjnym w administracji. (Dz. U. z 2014r. poz 897.)n<\/p>\n<\/div>\n","protected":false},"excerpt":{"rendered":"<p>Data wprowadzenia: 31.12.2018r. Data Modyfikacji: 30.12.2019r. Ostatnia modyfikacja: Admin<\/p>\n","protected":false},"author":1,"featured_media":0,"parent":0,"menu_order":2,"comment_status":"closed","ping_status":"closed","template":"","meta":{"footnotes":""},"_links":{"self":[{"href":"http:\/\/bippodgik.powiatlubaczowski.pl\/index.php?rest_route=\/wp\/v2\/pages\/14"}],"collection":[{"href":"http:\/\/bippodgik.powiatlubaczowski.pl\/index.php?rest_route=\/wp\/v2\/pages"}],"about":[{"href":"http:\/\/bippodgik.powiatlubaczowski.pl\/index.php?rest_route=\/wp\/v2\/types\/page"}],"author":[{"embeddable":true,"href":"http:\/\/bippodgik.powiatlubaczowski.pl\/index.php?rest_route=\/wp\/v2\/users\/1"}],"replies":[{"embeddable":true,"href":"http:\/\/bippodgik.powiatlubaczowski.pl\/index.php?rest_route=%2Fwp%2Fv2%2Fcomments&post=14"}],"version-history":[{"count":6,"href":"http:\/\/bippodgik.powiatlubaczowski.pl\/index.php?rest_route=\/wp\/v2\/pages\/14\/revisions"}],"predecessor-version":[{"id":83,"href":"http:\/\/bippodgik.powiatlubaczowski.pl\/index.php?rest_route=\/wp\/v2\/pages\/14\/revisions\/83"}],"wp:attachment":[{"href":"http:\/\/bippodgik.powiatlubaczowski.pl\/index.php?rest_route=%2Fwp%2Fv2%2Fmedia&parent=14"}],"curies":[{"name":"wp","href":"https:\/\/api.w.org\/{rel}","templated":true}]}}